{"id":176,"date":"2024-10-29T13:25:42","date_gmt":"2024-10-29T13:25:42","guid":{"rendered":"https:\/\/heinicke-uhren.ch\/?page_id=176"},"modified":"2025-09-26T07:41:55","modified_gmt":"2025-09-26T07:41:55","slug":"click-reserve","status":"publish","type":"page","link":"https:\/\/heinicke-uhren.ch\/en\/click-reserve\/","title":{"rendered":"Click &amp; Reserve"},"content":{"rendered":"<div data-elementor-type=\"wp-page\" data-elementor-id=\"176\" class=\"elementor elementor-176\" data-elementor-post-type=\"page\">\n\t\t\t\t\t\t<section class=\"elementor-section elementor-top-section elementor-element elementor-element-7a3df4bc elementor-section-height-min-height elementor-section-items-stretch elementor-section-full_width elementor-section-height-default\" data-id=\"7a3df4bc\" data-element_type=\"section\" data-e-type=\"section\" data-settings=\"{&quot;background_background&quot;:&quot;classic&quot;}\">\n\t\t\t\t\t\t\t<div class=\"elementor-background-overlay\"><\/div>\n\t\t\t\t\t\t\t<div class=\"elementor-container elementor-column-gap-default\">\n\t\t\t\t\t<div class=\"elementor-column elementor-col-100 elementor-top-column elementor-element elementor-element-7aa49e2f\" data-id=\"7aa49e2f\" data-element_type=\"column\" data-e-type=\"column\">\n\t\t\t<div class=\"elementor-widget-wrap elementor-element-populated\">\n\t\t\t\t\t\t<section class=\"elementor-section elementor-inner-section elementor-element elementor-element-4cc4d182 elementor-section-boxed elementor-section-height-default elementor-section-height-default\" data-id=\"4cc4d182\" data-element_type=\"section\" data-e-type=\"section\">\n\t\t\t\t\t\t<div class=\"elementor-container elementor-column-gap-default\">\n\t\t\t\t\t<div class=\"elementor-column elementor-col-100 elementor-inner-column elementor-element elementor-element-2fe00920\" data-id=\"2fe00920\" data-element_type=\"column\" data-e-type=\"column\">\n\t\t\t<div class=\"elementor-widget-wrap elementor-element-populated\">\n\t\t\t\t\t\t<div class=\"elementor-element elementor-element-5c886a2 elementor-widget elementor-widget-heading\" data-id=\"5c886a2\" data-element_type=\"widget\" data-e-type=\"widget\" data-widget_type=\"heading.default\">\n\t\t\t\t\t<h2 class=\"elementor-heading-title elementor-size-default\">CLICK &amp; RESERVE<\/h2>\t\t\t\t<\/div>\n\t\t\t\t\t<\/div>\n\t\t<\/div>\n\t\t\t\t\t<\/div>\n\t\t<\/section>\n\t\t\t\t\t<\/div>\n\t\t<\/div>\n\t\t\t\t\t<\/div>\n\t\t<\/section>\n\t\t\t\t<section class=\"elementor-section elementor-top-section elementor-element elementor-element-65ad6cfe elementor-section-full_width elementor-section-height-default elementor-section-height-default\" data-id=\"65ad6cfe\" data-element_type=\"section\" data-e-type=\"section\" data-settings=\"{&quot;background_background&quot;:&quot;classic&quot;}\">\n\t\t\t\t\t\t<div class=\"elementor-container elementor-column-gap-default\">\n\t\t\t\t\t<div class=\"elementor-column elementor-col-100 elementor-top-column elementor-element elementor-element-760ff229\" data-id=\"760ff229\" data-element_type=\"column\" data-e-type=\"column\">\n\t\t\t<div class=\"elementor-widget-wrap elementor-element-populated\">\n\t\t\t\t\t\t<section class=\"elementor-section elementor-inner-section elementor-element elementor-element-3b3e80cb elementor-section-boxed elementor-section-height-default elementor-section-height-default\" data-id=\"3b3e80cb\" data-element_type=\"section\" data-e-type=\"section\" data-settings=\"{&quot;background_background&quot;:&quot;classic&quot;}\">\n\t\t\t\t\t\t<div class=\"elementor-container elementor-column-gap-default\">\n\t\t\t\t\t<div class=\"elementor-column elementor-col-100 elementor-inner-column elementor-element elementor-element-17dcef61\" data-id=\"17dcef61\" data-element_type=\"column\" data-e-type=\"column\">\n\t\t\t<div class=\"elementor-widget-wrap elementor-element-populated\">\n\t\t\t\t\t\t<div class=\"elementor-element elementor-element-74f8f448 elementor-widget-divider--view-line elementor-widget elementor-widget-divider\" data-id=\"74f8f448\" data-element_type=\"widget\" data-e-type=\"widget\" data-widget_type=\"divider.default\">\n\t\t\t\t\t\t\t<div class=\"elementor-divider\">\n\t\t\t<span class=\"elementor-divider-separator\">\n\t\t\t\t\t\t<\/span>\n\t\t<\/div>\n\t\t\t\t\t\t<\/div>\n\t\t\t\t<div class=\"elementor-element elementor-element-bb39c92 elementor-widget elementor-widget-text-editor\" data-id=\"bb39c92\" data-element_type=\"widget\" data-e-type=\"widget\" data-widget_type=\"text-editor.default\">\n\t\t\t\t\t\t\t\t\t<p>Here\u2019s how it works<\/p>\t\t\t\t\t\t\t\t<\/div>\n\t\t\t\t<div class=\"elementor-element elementor-element-1a09c82a elementor-widget elementor-widget-text-editor\" data-id=\"1a09c82a\" data-element_type=\"widget\" data-e-type=\"widget\" data-widget_type=\"text-editor.default\">\n\t\t\t\t\t\t\t\t\t<p style=\"text-align: justify;\">Our Click &amp; Reserve service makes it so easy to order a selection of watch models that are sent straight to our store. You can then try on the watches at your leisure and benefit from our advice in-store \u2013 at no obligation whatsoever. Discover your perfect watch in a relaxed atmosphere.<\/p>\t\t\t\t\t\t\t\t<\/div>\n\t\t\t\t\t<\/div>\n\t\t<\/div>\n\t\t\t\t\t<\/div>\n\t\t<\/section>\n\t\t\t\t<section class=\"elementor-section elementor-inner-section elementor-element elementor-element-677619db elementor-section-boxed elementor-section-height-default elementor-section-height-default\" data-id=\"677619db\" data-element_type=\"section\" data-e-type=\"section\" data-settings=\"{&quot;background_background&quot;:&quot;classic&quot;}\">\n\t\t\t\t\t\t<div class=\"elementor-container elementor-column-gap-default\">\n\t\t\t\t\t<div class=\"elementor-column elementor-col-33 elementor-inner-column elementor-element elementor-element-177ded66\" data-id=\"177ded66\" data-element_type=\"column\" data-e-type=\"column\">\n\t\t\t<div class=\"elementor-widget-wrap elementor-element-populated\">\n\t\t\t\t\t\t<div class=\"elementor-element elementor-element-6f30bcc7 elementor-widget elementor-widget-heading\" data-id=\"6f30bcc7\" data-element_type=\"widget\" data-e-type=\"widget\" data-widget_type=\"heading.default\">\n\t\t\t\t\t<span class=\"elementor-heading-title elementor-size-default\">01<\/span>\t\t\t\t<\/div>\n\t\t\t\t<div class=\"elementor-element elementor-element-49551e4 elementor-widget elementor-widget-heading\" data-id=\"49551e4\" data-element_type=\"widget\" data-e-type=\"widget\" data-widget_type=\"heading.default\">\n\t\t\t\t\t<h5 class=\"elementor-heading-title elementor-size-default\">SELECT<\/h5>\t\t\t\t<\/div>\n\t\t\t\t<div class=\"elementor-element elementor-element-6090ef0 elementor-widget elementor-widget-text-editor\" data-id=\"6090ef0\" data-element_type=\"widget\" data-e-type=\"widget\" data-widget_type=\"text-editor.default\">\n\t\t\t\t\t\t\t\t\t<p>Select <strong>Heinicke Uhren<\/strong> on Limmatquai as your preferred location\u00a0<strong>Hint:<\/strong>\u00a0The quickest way to find us is via the postcode (8001, Zurich).\u00a0<\/p>\t\t\t\t\t\t\t\t<\/div>\n\t\t\t\t\t<\/div>\n\t\t<\/div>\n\t\t\t\t<div class=\"elementor-column elementor-col-33 elementor-inner-column elementor-element elementor-element-77d19335\" data-id=\"77d19335\" data-element_type=\"column\" data-e-type=\"column\">\n\t\t\t<div class=\"elementor-widget-wrap elementor-element-populated\">\n\t\t\t\t\t\t<div class=\"elementor-element elementor-element-5c5d8be0 elementor-widget elementor-widget-heading\" data-id=\"5c5d8be0\" data-element_type=\"widget\" data-e-type=\"widget\" data-widget_type=\"heading.default\">\n\t\t\t\t\t<span class=\"elementor-heading-title elementor-size-default\">02<\/span>\t\t\t\t<\/div>\n\t\t\t\t<div class=\"elementor-element elementor-element-5e444713 elementor-widget elementor-widget-heading\" data-id=\"5e444713\" data-element_type=\"widget\" data-e-type=\"widget\" data-widget_type=\"heading.default\">\n\t\t\t\t\t<h5 class=\"elementor-heading-title elementor-size-default\">RESERVE<\/h5>\t\t\t\t<\/div>\n\t\t\t\t<div class=\"elementor-element elementor-element-2b9a5d8c elementor-widget elementor-widget-text-editor\" data-id=\"2b9a5d8c\" data-element_type=\"widget\" data-e-type=\"widget\" data-widget_type=\"text-editor.default\">\n\t\t\t\t\t\t\t\t\t<p>Enter your <b>contact details <\/b>and confirm your non-binding reservation<\/p>\t\t\t\t\t\t\t\t<\/div>\n\t\t\t\t\t<\/div>\n\t\t<\/div>\n\t\t\t\t<div class=\"elementor-column elementor-col-33 elementor-inner-column elementor-element elementor-element-24a1e286\" data-id=\"24a1e286\" data-element_type=\"column\" data-e-type=\"column\">\n\t\t\t<div class=\"elementor-widget-wrap elementor-element-populated\">\n\t\t\t\t\t\t<div class=\"elementor-element elementor-element-86408e elementor-widget elementor-widget-heading\" data-id=\"86408e\" data-element_type=\"widget\" data-e-type=\"widget\" data-widget_type=\"heading.default\">\n\t\t\t\t\t<span class=\"elementor-heading-title elementor-size-default\">03<\/span>\t\t\t\t<\/div>\n\t\t\t\t<div class=\"elementor-element elementor-element-30506bd6 elementor-widget elementor-widget-heading\" data-id=\"30506bd6\" data-element_type=\"widget\" data-e-type=\"widget\" data-widget_type=\"heading.default\">\n\t\t\t\t\t<h5 class=\"elementor-heading-title elementor-size-default\">TRY ON<\/h5>\t\t\t\t<\/div>\n\t\t\t\t<div class=\"elementor-element elementor-element-5202b6c elementor-widget elementor-widget-text-editor\" data-id=\"5202b6c\" data-element_type=\"widget\" data-e-type=\"widget\" data-widget_type=\"text-editor.default\">\n\t\t\t\t\t\t\t\t\t<p>We will let you know when your watch is ready for you. On your convenience, can you then <b>try it on<\/b>.<\/p>\t\t\t\t\t\t\t\t<\/div>\n\t\t\t\t\t<\/div>\n\t\t<\/div>\n\t\t\t\t\t<\/div>\n\t\t<\/section>\n\t\t\t\t\t<\/div>\n\t\t<\/div>\n\t\t\t\t\t<\/div>\n\t\t<\/section>\n\t\t\t\t<section class=\"elementor-section elementor-top-section elementor-element elementor-element-39fe80a elementor-section-boxed elementor-section-height-default elementor-section-height-default\" data-id=\"39fe80a\" data-element_type=\"section\" data-e-type=\"section\">\n\t\t\t\t\t\t<div class=\"elementor-container elementor-column-gap-default\">\n\t\t\t\t\t<div class=\"elementor-column elementor-col-100 elementor-top-column elementor-element elementor-element-b4e5f08\" data-id=\"b4e5f08\" data-element_type=\"column\" data-e-type=\"column\">\n\t\t\t<div class=\"elementor-widget-wrap elementor-element-populated\">\n\t\t\t\t\t\t<section class=\"elementor-section elementor-inner-section elementor-element elementor-element-375d058 elementor-section-boxed elementor-section-height-default elementor-section-height-default\" data-id=\"375d058\" data-element_type=\"section\" data-e-type=\"section\">\n\t\t\t\t\t\t<div class=\"elementor-container elementor-column-gap-default\">\n\t\t\t\t\t<div class=\"elementor-column elementor-col-100 elementor-inner-column elementor-element elementor-element-e3b16e8\" data-id=\"e3b16e8\" data-element_type=\"column\" data-e-type=\"column\">\n\t\t\t<div class=\"elementor-widget-wrap elementor-element-populated\">\n\t\t\t\t\t\t<div class=\"elementor-element elementor-element-7f0e0d5 elementor-widget-divider--view-line elementor-widget elementor-widget-divider\" data-id=\"7f0e0d5\" data-element_type=\"widget\" data-e-type=\"widget\" data-widget_type=\"divider.default\">\n\t\t\t\t\t\t\t<div class=\"elementor-divider\">\n\t\t\t<span class=\"elementor-divider-separator\">\n\t\t\t\t\t\t<\/span>\n\t\t<\/div>\n\t\t\t\t\t\t<\/div>\n\t\t\t\t<div class=\"elementor-element elementor-element-720b7bd elementor-widget elementor-widget-text-editor\" data-id=\"720b7bd\" data-element_type=\"widget\" data-e-type=\"widget\" data-widget_type=\"text-editor.default\">\n\t\t\t\t\t\t\t\t\t<p>To the shops<\/p>\t\t\t\t\t\t\t\t<\/div>\n\t\t\t\t\t<\/div>\n\t\t<\/div>\n\t\t\t\t\t<\/div>\n\t\t<\/section>\n\t\t\t\t\t<\/div>\n\t\t<\/div>\n\t\t\t\t\t<\/div>\n\t\t<\/section>\n\t\t<div class=\"elementor-element elementor-element-33daa30 e-grid e-con-boxed e-con e-parent\" data-id=\"33daa30\" data-element_type=\"container\" data-e-type=\"container\">\n\t\t\t\t\t<div class=\"e-con-inner\">\n\t\t\t\t<div class=\"elementor-element elementor-element-31c280b elementor-widget elementor-widget-image\" data-id=\"31c280b\" data-element_type=\"widget\" data-e-type=\"widget\" data-widget_type=\"image.default\">\n\t\t\t\t\t\t\t\t\t\t\t\t\t\t\t\t<a href=\"https:\/\/www.longines.com\/de-ch\" target=\"_blank\">\n\t\t\t\t\t\t\t<img decoding=\"async\" src=\"https:\/\/heinicke-uhren.ch\/wp-content\/uploads\/elementor\/thumbs\/logo_longines-qwd4x4f0er682l7yzwbwoybabmyxpmnmo4je6lsk34.png\" title=\"logo_longines\" alt=\"logo_longines\" class=\"elementor-animation-shrink\" loading=\"lazy\" \/>\t\t\t\t\t\t\t\t<\/a>\n\t\t\t\t\t\t\t\t\t\t\t\t\t\t\t<\/div>\n\t\t\t\t<div class=\"elementor-element elementor-element-82680bf elementor-widget elementor-widget-image\" data-id=\"82680bf\" data-element_type=\"widget\" data-e-type=\"widget\" data-widget_type=\"image.default\">\n\t\t\t\t\t\t\t\t\t\t\t\t\t\t\t\t<a href=\"https:\/\/www.rado.com\/de_ch\/\" target=\"_blank\">\n\t\t\t\t\t\t\t<img fetchpriority=\"high\" decoding=\"async\" width=\"768\" height=\"295\" src=\"https:\/\/heinicke-uhren.ch\/wp-content\/uploads\/2024\/10\/logo_rado-1-768x295.png\" class=\"elementor-animation-shrink attachment-medium_large size-medium_large wp-image-454\" alt=\"\" srcset=\"https:\/\/heinicke-uhren.ch\/wp-content\/uploads\/2024\/10\/logo_rado-1-768x295.png 768w, https:\/\/heinicke-uhren.ch\/wp-content\/uploads\/2024\/10\/logo_rado-1-300x115.png 300w, https:\/\/heinicke-uhren.ch\/wp-content\/uploads\/2024\/10\/logo_rado-1-1024x393.png 1024w, https:\/\/heinicke-uhren.ch\/wp-content\/uploads\/2024\/10\/logo_rado-1.png 1500w\" sizes=\"(max-width: 768px) 100vw, 768px\" \/>\t\t\t\t\t\t\t\t<\/a>\n\t\t\t\t\t\t\t\t\t\t\t\t\t\t\t<\/div>\n\t\t\t\t<div class=\"elementor-element elementor-element-07e7c8c elementor-widget elementor-widget-image\" data-id=\"07e7c8c\" data-element_type=\"widget\" data-e-type=\"widget\" data-widget_type=\"image.default\">\n\t\t\t\t\t\t\t\t\t\t\t\t\t\t\t\t<a href=\"https:\/\/www.midowatches.com\/ch-de\/\" target=\"_blank\">\n\t\t\t\t\t\t\t<img decoding=\"async\" src=\"https:\/\/heinicke-uhren.ch\/wp-content\/uploads\/elementor\/thumbs\/logo_mido-qwd4x6aowt4jyxfh00yrqyw1owto9dkwg9eg5w2hjw.png\" title=\"logo_mido\" alt=\"logo_mido\" class=\"elementor-animation-shrink\" loading=\"lazy\" \/>\t\t\t\t\t\t\t\t<\/a>\n\t\t\t\t\t\t\t\t\t\t\t\t\t\t\t<\/div>\n\t\t\t\t<div class=\"elementor-element elementor-element-dbc5fd7 elementor-widget elementor-widget-image\" data-id=\"dbc5fd7\" data-element_type=\"widget\" data-e-type=\"widget\" data-widget_type=\"image.default\">\n\t\t\t\t\t\t\t\t\t\t\t\t\t\t\t\t<a href=\"https:\/\/www.tissotwatches.com\/de-ch\" target=\"_blank\">\n\t\t\t\t\t\t\t<img decoding=\"async\" src=\"https:\/\/heinicke-uhren.ch\/wp-content\/uploads\/elementor\/thumbs\/logo_tissot-qwbon8pfeb56p7esa9nqo5ht45sgf0skv757kqc1as.png\" title=\"logo_tissot\" alt=\"logo_tissot\" class=\"elementor-animation-shrink\" loading=\"lazy\" \/>\t\t\t\t\t\t\t\t<\/a>\n\t\t\t\t\t\t\t\t\t\t\t\t\t\t\t<\/div>\n\t\t\t\t<div class=\"elementor-element elementor-element-5ec6a6d elementor-widget elementor-widget-image\" data-id=\"5ec6a6d\" data-element_type=\"widget\" data-e-type=\"widget\" data-widget_type=\"image.default\">\n\t\t\t\t\t\t\t\t\t\t\t\t\t\t\t\t<a href=\"https:\/\/www.hamiltonwatch.com\/de-ch\/\" target=\"_blank\">\n\t\t\t\t\t\t\t<img decoding=\"async\" src=\"https:\/\/heinicke-uhren.ch\/wp-content\/uploads\/elementor\/thumbs\/logo_hamilton-1-qwd56d5w3nc6sfl9x8rtcmpsy7eom08nrw7s4iz33s.png\" title=\"logo_hamilton (1)\" alt=\"logo_hamilton (1)\" class=\"elementor-animation-shrink\" loading=\"lazy\" \/>\t\t\t\t\t\t\t\t<\/a>\n\t\t\t\t\t\t\t\t\t\t\t\t\t\t\t<\/div>\n\t\t\t\t<div class=\"elementor-element elementor-element-c2b351d elementor-widget elementor-widget-image\" data-id=\"c2b351d\" data-element_type=\"widget\" data-e-type=\"widget\" data-widget_type=\"image.default\">\n\t\t\t\t\t\t\t\t\t\t\t\t\t\t\t\t<a href=\"https:\/\/www.certina.com\/ch-de\" target=\"_blank\">\n\t\t\t\t\t\t\t<img decoding=\"async\" src=\"https:\/\/heinicke-uhren.ch\/wp-content\/uploads\/elementor\/thumbs\/logo_certina-qwbon5vx2kshynorravlogt3gpbu93qaih07yl8o0k.png\" title=\"logo_certina\" alt=\"logo_certina\" class=\"elementor-animation-shrink\" loading=\"lazy\" \/>\t\t\t\t\t\t\t\t<\/a>\n\t\t\t\t\t\t\t\t\t\t\t\t\t\t\t<\/div>\n\t\t\t\t\t<\/div>\n\t\t\t\t<\/div>\n\t\t\t\t<\/div>","protected":false},"excerpt":{"rendered":"<p>CLICK &amp; RESERVE So funktioniert&#8217;s Unser Click &amp; Reserve-Service erm\u00f6glicht es Ihnen, eine Auswahl an Uhrenmodellen ganz einfach in unseren Laden zu bestellen. So k\u00f6nnen Sie die Uhren in Ruhe anprobieren und sich vor Ort von unserer Beratung \u00fcberzeugen lassen \u2013 ganz unverbindlich. Entdecken Sie so Ihre perfekte Uhr in entspannter Atmosph\u00e4re. 01 AUSW\u00c4HLEN W\u00e4hlen [&hellip;]<\/p>","protected":false},"author":2,"featured_media":0,"parent":0,"menu_order":0,"comment_status":"closed","ping_status":"closed","template":"","meta":{"footnotes":""},"class_list":["post-176","page","type-page","status-publish","hentry"],"_links":{"self":[{"href":"https:\/\/heinicke-uhren.ch\/en\/wp-json\/wp\/v2\/pages\/176","targetHints":{"allow":["GET"]}}],"collection":[{"href":"https:\/\/heinicke-uhren.ch\/en\/wp-json\/wp\/v2\/pages"}],"about":[{"href":"https:\/\/heinicke-uhren.ch\/en\/wp-json\/wp\/v2\/types\/page"}],"author":[{"embeddable":true,"href":"https:\/\/heinicke-uhren.ch\/en\/wp-json\/wp\/v2\/users\/2"}],"replies":[{"embeddable":true,"href":"https:\/\/heinicke-uhren.ch\/en\/wp-json\/wp\/v2\/comments?post=176"}],"version-history":[{"count":60,"href":"https:\/\/heinicke-uhren.ch\/en\/wp-json\/wp\/v2\/pages\/176\/revisions"}],"predecessor-version":[{"id":3795,"href":"https:\/\/heinicke-uhren.ch\/en\/wp-json\/wp\/v2\/pages\/176\/revisions\/3795"}],"wp:attachment":[{"href":"https:\/\/heinicke-uhren.ch\/en\/wp-json\/wp\/v2\/media?parent=176"}],"curies":[{"name":"wp","href":"https:\/\/api.w.org\/{rel}","templated":true}]}}